{"id":367,"date":"2023-10-03T11:18:30","date_gmt":"2023-10-03T11:18:30","guid":{"rendered":"https:\/\/dxlbenelux.com\/?page_id=367"},"modified":"2024-07-12T14:52:48","modified_gmt":"2024-07-12T14:52:48","slug":"dxl-smart-implant","status":"publish","type":"page","link":"https:\/\/dxlbenelux.com\/fr\/dxl-smart-implant\/","title":{"rendered":"IMPLANT INTELLIGENT DXL"},"content":{"rendered":"<div data-elementor-type=\"wp-page\" data-elementor-id=\"367\" class=\"elementor elementor-367\" data-elementor-post-type=\"page\">\n\t\t\t\t<div class=\"elementor-element elementor-element-1d91bcd3 e-flex e-con-boxed e-con e-parent\" data-id=\"1d91bcd3\" data-element_type=\"container\" data-e-type=\"container\">\n\t\t\t\t\t<div class=\"e-con-inner\">\n\t\t\t\t<div class=\"elementor-element elementor-element-44ea46ef elementor-widget elementor-widget-elementskit-simple-tab\" data-id=\"44ea46ef\" data-element_type=\"widget\" data-e-type=\"widget\" data-widget_type=\"elementskit-simple-tab.default\">\n\t\t\t\t<div class=\"elementor-widget-container\">\n\t\t\t\t\t<div class=\"ekit-wid-con\" >        <div class=\"elementkit-tab-wraper   elementskit-fitcontent-tab\">\n            <ul class=\"nav nav-tabs elementkit-tab-nav\">\n                                    <li class=\"elementkit-nav-item elementor-repeater-item-de808e5\">\n                        <a class=\"elementkit-nav-link  active show left-pos\" id=\"content-de808e569f7422baa0c6-tab\" data-ekit-handler-id=\"diameter-3-5\" data-ekit-toggle=\"tab\" data-target=\"#content-de808e569f7422baa0c6\" href=\"#Content-de808e569f7422baa0c6\"\n                            data-ekit-toggle-trigger=\"click\"\n                            aria-describedby=\"Content-de808e569f7422baa0c6\">\n                                                        <span class=\"elementskit-tab-title\">Diameter 3.5<\/span>\n                        <\/a>\n                    <\/li>\n                                        <li class=\"elementkit-nav-item elementor-repeater-item-4b9e99e\">\n                        <a class=\"elementkit-nav-link  left-pos\" id=\"content-4b9e99e69f7422baa0c6-tab\" data-ekit-handler-id=\"diameter-4-0\" data-ekit-toggle=\"tab\" data-target=\"#content-4b9e99e69f7422baa0c6\" href=\"#Content-4b9e99e69f7422baa0c6\"\n                            data-ekit-toggle-trigger=\"click\"\n                            aria-describedby=\"Content-4b9e99e69f7422baa0c6\">\n                                                        <span class=\"elementskit-tab-title\">Diameter 4.0<\/span>\n                        <\/a>\n                    <\/li>\n                                        <li class=\"elementkit-nav-item elementor-repeater-item-ddbb0b7\">\n                        <a class=\"elementkit-nav-link  left-pos\" id=\"content-ddbb0b769f7422baa0c6-tab\" data-ekit-handler-id=\"diameter-4-5\" data-ekit-toggle=\"tab\" data-target=\"#content-ddbb0b769f7422baa0c6\" href=\"#Content-ddbb0b769f7422baa0c6\"\n                            data-ekit-toggle-trigger=\"click\"\n                            aria-describedby=\"Content-ddbb0b769f7422baa0c6\">\n                                                        <span class=\"elementskit-tab-title\">Diameter 4.5<\/span>\n                        <\/a>\n                    <\/li>\n                                        <li class=\"elementkit-nav-item elementor-repeater-item-f0b71d3\">\n                        <a class=\"elementkit-nav-link  left-pos\" id=\"content-f0b71d369f7422baa0c6-tab\" data-ekit-handler-id=\"diameter-5-5\" data-ekit-toggle=\"tab\" data-target=\"#content-f0b71d369f7422baa0c6\" href=\"#Content-f0b71d369f7422baa0c6\"\n                            data-ekit-toggle-trigger=\"click\"\n                            aria-describedby=\"Content-f0b71d369f7422baa0c6\">\n                                                        <span class=\"elementskit-tab-title\">Diameter 5.5<\/span>\n                        <\/a>\n                    <\/li>\n                                <\/ul>\n\n            <div class=\"tab-content elementkit-tab-content\">\n                                    <div class=\"tab-pane elementkit-tab-pane elementor-repeater-item-de808e5  active show\" id=\"content-de808e569f7422baa0c6\" role=\"tabpanel\"\n                         aria-labelledby=\"content-de808e569f7422baa0c6-tab\">\n                        <div class=\"animated fadeIn\">\n                            <p><img fetchpriority=\"high\" decoding=\"async\" class=\"alignnone wp-image-369 size-full\" src=\"https:\/\/dxlbenelux.com\/wp-content\/uploads\/2023\/10\/dxl_smart_3.5.jpg\" alt=\"\" width=\"997\" height=\"392\" srcset=\"https:\/\/dxlbenelux.com\/wp-content\/uploads\/2023\/10\/dxl_smart_3.5.jpg 997w, https:\/\/dxlbenelux.com\/wp-content\/uploads\/2023\/10\/dxl_smart_3.5-300x118.jpg 300w, https:\/\/dxlbenelux.com\/wp-content\/uploads\/2023\/10\/dxl_smart_3.5-768x302.jpg 768w, https:\/\/dxlbenelux.com\/wp-content\/uploads\/2023\/10\/dxl_smart_3.5-18x7.jpg 18w, https:\/\/dxlbenelux.com\/wp-content\/uploads\/2023\/10\/dxl_smart_3.5-600x236.jpg 600w\" sizes=\"(max-width: 997px) 100vw, 997px\" \/><\/p>                        <\/div>\n                    <\/div>\n                                    <div class=\"tab-pane elementkit-tab-pane elementor-repeater-item-4b9e99e\" id=\"content-4b9e99e69f7422baa0c6\" role=\"tabpanel\"\n                         aria-labelledby=\"content-4b9e99e69f7422baa0c6-tab\">\n                        <div class=\"animated fadeIn\">\n                            <p><img decoding=\"async\" class=\"aligncenter wp-image-378 size-full\" src=\"https:\/\/dxlbenelux.com\/wp-content\/uploads\/2023\/10\/dxl_smart_4.0.jpg\" alt=\"\" width=\"1056\" height=\"373\" srcset=\"https:\/\/dxlbenelux.com\/wp-content\/uploads\/2023\/10\/dxl_smart_4.0.jpg 1056w, https:\/\/dxlbenelux.com\/wp-content\/uploads\/2023\/10\/dxl_smart_4.0-300x106.jpg 300w, https:\/\/dxlbenelux.com\/wp-content\/uploads\/2023\/10\/dxl_smart_4.0-1024x362.jpg 1024w, https:\/\/dxlbenelux.com\/wp-content\/uploads\/2023\/10\/dxl_smart_4.0-768x271.jpg 768w, https:\/\/dxlbenelux.com\/wp-content\/uploads\/2023\/10\/dxl_smart_4.0-18x6.jpg 18w, https:\/\/dxlbenelux.com\/wp-content\/uploads\/2023\/10\/dxl_smart_4.0-600x212.jpg 600w\" sizes=\"(max-width: 1056px) 100vw, 1056px\" \/><\/p>                        <\/div>\n                    <\/div>\n                                    <div class=\"tab-pane elementkit-tab-pane elementor-repeater-item-ddbb0b7\" id=\"content-ddbb0b769f7422baa0c6\" role=\"tabpanel\"\n                         aria-labelledby=\"content-ddbb0b769f7422baa0c6-tab\">\n                        <div class=\"animated fadeIn\">\n                            <p><img decoding=\"async\" class=\"alignnone wp-image-382 size-full\" src=\"https:\/\/dxlbenelux.com\/wp-content\/uploads\/2023\/10\/dxl_smart_4.5.jpg\" alt=\"\" width=\"1077\" height=\"386\" srcset=\"https:\/\/dxlbenelux.com\/wp-content\/uploads\/2023\/10\/dxl_smart_4.5.jpg 1077w, https:\/\/dxlbenelux.com\/wp-content\/uploads\/2023\/10\/dxl_smart_4.5-300x108.jpg 300w, https:\/\/dxlbenelux.com\/wp-content\/uploads\/2023\/10\/dxl_smart_4.5-1024x367.jpg 1024w, https:\/\/dxlbenelux.com\/wp-content\/uploads\/2023\/10\/dxl_smart_4.5-768x275.jpg 768w, https:\/\/dxlbenelux.com\/wp-content\/uploads\/2023\/10\/dxl_smart_4.5-18x6.jpg 18w, https:\/\/dxlbenelux.com\/wp-content\/uploads\/2023\/10\/dxl_smart_4.5-600x215.jpg 600w\" sizes=\"(max-width: 1077px) 100vw, 1077px\" \/><\/p>                        <\/div>\n                    <\/div>\n                                    <div class=\"tab-pane elementkit-tab-pane elementor-repeater-item-f0b71d3\" id=\"content-f0b71d369f7422baa0c6\" role=\"tabpanel\"\n                         aria-labelledby=\"content-f0b71d369f7422baa0c6-tab\">\n                        <div class=\"animated fadeIn\">\n                            <p><img loading=\"lazy\" decoding=\"async\" class=\"alignnone wp-image-383 size-full\" src=\"https:\/\/dxlbenelux.com\/wp-content\/uploads\/2023\/10\/dxl_smart_5.5.jpg\" alt=\"\" width=\"1102\" height=\"396\" srcset=\"https:\/\/dxlbenelux.com\/wp-content\/uploads\/2023\/10\/dxl_smart_5.5.jpg 1102w, https:\/\/dxlbenelux.com\/wp-content\/uploads\/2023\/10\/dxl_smart_5.5-300x108.jpg 300w, https:\/\/dxlbenelux.com\/wp-content\/uploads\/2023\/10\/dxl_smart_5.5-1024x368.jpg 1024w, https:\/\/dxlbenelux.com\/wp-content\/uploads\/2023\/10\/dxl_smart_5.5-768x276.jpg 768w, https:\/\/dxlbenelux.com\/wp-content\/uploads\/2023\/10\/dxl_smart_5.5-18x6.jpg 18w, https:\/\/dxlbenelux.com\/wp-content\/uploads\/2023\/10\/dxl_smart_5.5-600x216.jpg 600w\" sizes=\"(max-width: 1102px) 100vw, 1102px\" \/><\/p>                        <\/div>\n                    <\/div>\n                                \n            <\/div>\n                    <\/div>\n    <\/div>\t\t\t\t<\/div>\n\t\t\t\t<\/div>\n\t\t\t\t\t<\/div>\n\t\t\t\t<\/div>\n\t\t<div class=\"elementor-element elementor-element-5c57458f e-flex e-con-boxed e-con e-parent\" data-id=\"5c57458f\" data-element_type=\"container\" data-e-type=\"container\">\n\t\t\t\t\t<div class=\"e-con-inner\">\n\t\t\t\t<div class=\"elementor-element elementor-element-231215dd elementor-widget elementor-widget-text-editor\" data-id=\"231215dd\" data-element_type=\"widget\" data-e-type=\"widget\" data-widget_type=\"text-editor.default\">\n\t\t\t\t<div class=\"elementor-widget-container\">\n\t\t\t\t\t\t\t\t\t<p>Il est possible de commander des implants avec une vis de couverture Ajouter -C \u00e0 l'article concern\u00e9 et Ajouter avec couverture au nom de l'implant r\u00e9v\u00e9lateur dans votre commande.<\/p>\t\t\t\t\t\t\t\t<\/div>\n\t\t\t\t<\/div>\n\t\t<div class=\"elementor-element elementor-element-43c17462 e-flex e-con-boxed e-con e-parent\" data-id=\"43c17462\" data-element_type=\"container\" data-e-type=\"container\">\n\t\t\t\t\t<div class=\"e-con-inner\">\n\t\t<div class=\"elementor-element elementor-element-2f9900f2 e-con-full e-flex e-con e-parent\" data-id=\"2f9900f2\" data-element_type=\"container\" data-e-type=\"container\">\n\t\t\t\t<div class=\"elementor-element elementor-element-1003341a elementor-widget elementor-widget-text-editor\" data-id=\"1003341a\" data-element_type=\"widget\" data-e-type=\"widget\" data-widget_type=\"text-editor.default\">\n\t\t\t\t<div class=\"elementor-widget-container\">\n\t\t\t\t\t\t\t\t\t<p><b>ATTENTION<\/b><\/p><div id=\"col-1555045905\" class=\"col medium-6 small-12 large-6\"><div class=\"col-inner box-shadow-1\"><div id=\"col-1203619347\" class=\"col medium-6 small-12 large-6\"><div class=\"col-inner box-shadow-1\"><p>It is used for installation in front and lateral parts canines, incisors, premolars .<\/p><\/div><\/div><div id=\"col-1909526480\" class=\"col medium-6 small-12 large-6\"><div class=\"col-inner box-shadow-1\"><p>\u00a0<\/p><\/div><\/div><\/div><\/div><div id=\"col-1282382997\" class=\"col medium-6 small-12 large-6\"><div class=\"col-inner box-shadow-1\">\u00a0<\/div><\/div>\t\t\t\t\t\t\t\t<\/div>\n\t\t\t\t<\/div>\n\t\t\t\t<\/div>\n\t\t<div class=\"elementor-element elementor-element-2657f82a e-con-full e-flex e-con e-parent\" data-id=\"2657f82a\" data-element_type=\"container\" data-e-type=\"container\">\n\t\t\t\t<div class=\"elementor-element elementor-element-5e10b531 elementor-widget__width-initial elementor-widget elementor-widget-image\" data-id=\"5e10b531\" data-element_type=\"widget\" data-e-type=\"widget\" data-widget_type=\"image.default\">\n\t\t\t\t<div class=\"elementor-widget-container\">\n\t\t\t\t\t\t\t\t\t\t\t\t\t\t\t<img loading=\"lazy\" decoding=\"async\" width=\"34\" height=\"64\" src=\"https:\/\/dxlbenelux.com\/wp-content\/uploads\/2023\/10\/implant.png\" class=\"attachment-large size-large wp-image-370\" alt=\"\" srcset=\"https:\/\/dxlbenelux.com\/wp-content\/uploads\/2023\/10\/implant.png 34w, https:\/\/dxlbenelux.com\/wp-content\/uploads\/2023\/10\/implant-6x12.png 6w\" sizes=\"(max-width: 34px) 100vw, 34px\" \/>\t\t\t\t\t\t\t\t\t\t\t\t\t\t\t<\/div>\n\t\t\t\t<\/div>\n\t\t\t\t<div class=\"elementor-element elementor-element-5ca043f0 elementor-widget__width-initial elementor-widget elementor-widget-text-editor\" data-id=\"5ca043f0\" data-element_type=\"widget\" data-e-type=\"widget\" data-widget_type=\"text-editor.default\">\n\t\t\t\t<div class=\"elementor-widget-container\">\n\t\t\t\t\t\t\t\t\t<p><strong>Diameter 3.5: DXL NARROW COVER SCREW STERILE \u00d82,6xH0mm \/ DXL-3000001-N-S<\/strong><\/p><p>Seule la s\u00e9rie d'implants hybrides DXL Premium avec couvercle comprend une vis de couvercle.<\/p><p>Diameter 4.0, 4.5, 5.5:<br \/><b>DXLCOVER SCREWSTERILE \u00d83,1xH0mm \/ DXL-3000001-S<\/b><\/p>\t\t\t\t\t\t\t\t<\/div>\n\t\t\t\t<\/div>\n\t\t\t\t<\/div>\n\t\t\t\t\t<\/div>\n\t\t\t\t<\/div>\n\t\t\t\t\t<\/div>\n\t\t\t\t<\/div>\n\t\t<div class=\"elementor-element elementor-element-42e14a97 e-flex e-con-boxed e-con e-parent\" data-id=\"42e14a97\" data-element_type=\"container\" data-e-type=\"container\">\n\t\t\t\t\t<div class=\"e-con-inner\">\n\t\t<div class=\"elementor-element elementor-element-3760daa7 e-con-full e-flex e-con e-parent\" data-id=\"3760daa7\" data-element_type=\"container\" data-e-type=\"container\">\n\t\t\t\t<div class=\"elementor-element elementor-element-5961cb22 elementor-widget elementor-widget-text-editor\" data-id=\"5961cb22\" data-element_type=\"widget\" data-e-type=\"widget\" data-widget_type=\"text-editor.default\">\n\t\t\t\t<div class=\"elementor-widget-container\">\n\t\t\t\t\t\t\t\t\t<p><b><span class=\"selectable-text copyable-text\">CORPS DE L'IMPLANT<\/span><\/b><\/p><p>Le corps de l'implant cylindro-conique\/taraud\u00e9 \u00e9mule la forme du foret pour un ajustement plus pr\u00e9cis de l'embo\u00eeture osseuse.<\/p><p><b><span class=\"selectable-text copyable-text\">COLLIER CRESTAL<\/span><\/b><\/p><p>La conception sp\u00e9ciale de la plate-forme \"slope:d-shoulder\" emp\u00eache la r\u00e9sorption gingivale dans la zone crestale vuln\u00e9rable. Elle assure \u00e9galement une plus grande stabilit\u00e9 biom\u00e9canique lors de la mise en place au niveau de l'os.<\/p>\t\t\t\t\t\t\t\t<\/div>\n\t\t\t\t<\/div>\n\t\t\t\t<\/div>\n\t\t\t\t<div class=\"elementor-element elementor-element-7fe04470 elementor-widget elementor-widget-image\" data-id=\"7fe04470\" data-element_type=\"widget\" data-e-type=\"widget\" data-widget_type=\"image.default\">\n\t\t\t\t<div class=\"elementor-widget-container\">\n\t\t\t\t\t\t\t\t\t\t\t\t\t\t\t<img loading=\"lazy\" decoding=\"async\" width=\"800\" height=\"800\" src=\"https:\/\/dxlbenelux.com\/wp-content\/uploads\/2023\/09\/550125-1024x1024.png\" class=\"attachment-large size-large wp-image-38\" alt=\"\" srcset=\"https:\/\/dxlbenelux.com\/wp-content\/uploads\/2023\/09\/550125-1024x1024.png 1024w, https:\/\/dxlbenelux.com\/wp-content\/uploads\/2023\/09\/550125-300x300.png 300w, https:\/\/dxlbenelux.com\/wp-content\/uploads\/2023\/09\/550125-100x100.png 100w, https:\/\/dxlbenelux.com\/wp-content\/uploads\/2023\/09\/550125-600x600.png 600w, https:\/\/dxlbenelux.com\/wp-content\/uploads\/2023\/09\/550125-150x150.png 150w, https:\/\/dxlbenelux.com\/wp-content\/uploads\/2023\/09\/550125-768x768.png 768w, https:\/\/dxlbenelux.com\/wp-content\/uploads\/2023\/09\/550125-12x12.png 12w, https:\/\/dxlbenelux.com\/wp-content\/uploads\/2023\/09\/550125-700x700.png 700w, https:\/\/dxlbenelux.com\/wp-content\/uploads\/2023\/09\/550125.png 1133w\" sizes=\"(max-width: 800px) 100vw, 800px\" \/>\t\t\t\t\t\t\t\t\t\t\t\t\t\t\t<\/div>\n\t\t\t\t<\/div>\n\t\t\t\t\t<\/div>\n\t\t\t\t<\/div>\n\t\t\t\t<\/div>","protected":false},"excerpt":{"rendered":"<p>Diameter 3.5 Diameter 4.0 Diameter 4.5 Diameter 5.5 It is possible to order implants with cover screw Add -C to the relevant article and Add with cover to the revelant implant name in your order. ATTENTION It is used for installation in front and lateral parts canines, incisors, premolars . \u00a0 \u00a0 Diameter 3.5: DXL [&hellip;]<\/p>\n","protected":false},"author":1,"featured_media":0,"parent":0,"menu_order":0,"comment_status":"closed","ping_status":"closed","template":"","meta":{"footnotes":""},"class_list":["post-367","page","type-page","status-publish","hentry"],"_links":{"self":[{"href":"https:\/\/dxlbenelux.com\/fr\/wp-json\/wp\/v2\/pages\/367","targetHints":{"allow":["GET"]}}],"collection":[{"href":"https:\/\/dxlbenelux.com\/fr\/wp-json\/wp\/v2\/pages"}],"about":[{"href":"https:\/\/dxlbenelux.com\/fr\/wp-json\/wp\/v2\/types\/page"}],"author":[{"embeddable":true,"href":"https:\/\/dxlbenelux.com\/fr\/wp-json\/wp\/v2\/users\/1"}],"replies":[{"embeddable":true,"href":"https:\/\/dxlbenelux.com\/fr\/wp-json\/wp\/v2\/comments?post=367"}],"version-history":[{"count":10,"href":"https:\/\/dxlbenelux.com\/fr\/wp-json\/wp\/v2\/pages\/367\/revisions"}],"predecessor-version":[{"id":386,"href":"https:\/\/dxlbenelux.com\/fr\/wp-json\/wp\/v2\/pages\/367\/revisions\/386"}],"wp:attachment":[{"href":"https:\/\/dxlbenelux.com\/fr\/wp-json\/wp\/v2\/media?parent=367"}],"curies":[{"name":"wp","href":"https:\/\/api.w.org\/{rel}","templated":true}]}}