{"id":287,"date":"2023-09-26T10:29:19","date_gmt":"2023-09-26T10:29:19","guid":{"rendered":"https:\/\/dxlbenelux.com\/?page_id=287"},"modified":"2024-07-12T14:50:28","modified_gmt":"2024-07-12T14:50:28","slug":"dxl-premium-hybrid-implants","status":"publish","type":"page","link":"https:\/\/dxlbenelux.com\/fr\/dxl-premium-hybrid-implants\/","title":{"rendered":"IMPLANTS HYBRIDES DXL PREMIUM"},"content":{"rendered":"<div data-elementor-type=\"wp-page\" data-elementor-id=\"287\" class=\"elementor elementor-287\" data-elementor-post-type=\"page\">\n\t\t\t\t<div class=\"elementor-element elementor-element-5e9d1bd e-flex e-con-boxed e-con e-parent\" data-id=\"5e9d1bd\" data-element_type=\"container\" data-e-type=\"container\">\n\t\t\t\t\t<div class=\"e-con-inner\">\n\t\t\t\t<div class=\"elementor-element elementor-element-5d6c341 elementor-widget elementor-widget-elementskit-simple-tab\" data-id=\"5d6c341\" data-element_type=\"widget\" data-e-type=\"widget\" data-widget_type=\"elementskit-simple-tab.default\">\n\t\t\t\t<div class=\"elementor-widget-container\">\n\t\t\t\t\t<div class=\"ekit-wid-con\" >        <div class=\"elementkit-tab-wraper   elementskit-fitcontent-tab\">\n            <ul class=\"nav nav-tabs elementkit-tab-nav\">\n                                    <li class=\"elementkit-nav-item elementor-repeater-item-de808e5\">\n                        <a class=\"elementkit-nav-link  active show left-pos\" id=\"content-de808e569f6bf066dcbb-tab\" data-ekit-handler-id=\"diameter-3-3\" data-ekit-toggle=\"tab\" data-target=\"#content-de808e569f6bf066dcbb\" href=\"#Content-de808e569f6bf066dcbb\"\n                            data-ekit-toggle-trigger=\"click\"\n                            aria-describedby=\"Content-de808e569f6bf066dcbb\">\n                                                        <span class=\"elementskit-tab-title\">Diameter 3.3<\/span>\n                        <\/a>\n                    <\/li>\n                                        <li class=\"elementkit-nav-item elementor-repeater-item-4b9e99e\">\n                        <a class=\"elementkit-nav-link  left-pos\" id=\"content-4b9e99e69f6bf066dcbb-tab\" data-ekit-handler-id=\"diameter-3-5\" data-ekit-toggle=\"tab\" data-target=\"#content-4b9e99e69f6bf066dcbb\" href=\"#Content-4b9e99e69f6bf066dcbb\"\n                            data-ekit-toggle-trigger=\"click\"\n                            aria-describedby=\"Content-4b9e99e69f6bf066dcbb\">\n                                                        <span class=\"elementskit-tab-title\">Diameter 3.5<\/span>\n                        <\/a>\n                    <\/li>\n                                        <li class=\"elementkit-nav-item elementor-repeater-item-ddbb0b7\">\n                        <a class=\"elementkit-nav-link  left-pos\" id=\"content-ddbb0b769f6bf066dcbb-tab\" data-ekit-handler-id=\"diameter-3-75\" data-ekit-toggle=\"tab\" data-target=\"#content-ddbb0b769f6bf066dcbb\" href=\"#Content-ddbb0b769f6bf066dcbb\"\n                            data-ekit-toggle-trigger=\"click\"\n                            aria-describedby=\"Content-ddbb0b769f6bf066dcbb\">\n                                                        <span class=\"elementskit-tab-title\">Diameter 3.75<\/span>\n                        <\/a>\n                    <\/li>\n                                        <li class=\"elementkit-nav-item elementor-repeater-item-f0b71d3\">\n                        <a class=\"elementkit-nav-link  left-pos\" id=\"content-f0b71d369f6bf066dcbb-tab\" data-ekit-handler-id=\"diameter-4-1\" data-ekit-toggle=\"tab\" data-target=\"#content-f0b71d369f6bf066dcbb\" href=\"#Content-f0b71d369f6bf066dcbb\"\n                            data-ekit-toggle-trigger=\"click\"\n                            aria-describedby=\"Content-f0b71d369f6bf066dcbb\">\n                                                        <span class=\"elementskit-tab-title\">Diameter 4.1<\/span>\n                        <\/a>\n                    <\/li>\n                                        <li class=\"elementkit-nav-item elementor-repeater-item-efa82e0\">\n                        <a class=\"elementkit-nav-link  left-pos\" id=\"content-efa82e069f6bf066dcbb-tab\" data-ekit-handler-id=\"diameter-4-5\" data-ekit-toggle=\"tab\" data-target=\"#content-efa82e069f6bf066dcbb\" href=\"#Content-efa82e069f6bf066dcbb\"\n                            data-ekit-toggle-trigger=\"click\"\n                            aria-describedby=\"Content-efa82e069f6bf066dcbb\">\n                                                        <span class=\"elementskit-tab-title\">Diameter 4.5<\/span>\n                        <\/a>\n                    <\/li>\n                                        <li class=\"elementkit-nav-item elementor-repeater-item-96576f1\">\n                        <a class=\"elementkit-nav-link  left-pos\" id=\"content-96576f169f6bf066dcbb-tab\" data-ekit-handler-id=\"diameter-5-0\" data-ekit-toggle=\"tab\" data-target=\"#content-96576f169f6bf066dcbb\" href=\"#Content-96576f169f6bf066dcbb\"\n                            data-ekit-toggle-trigger=\"click\"\n                            aria-describedby=\"Content-96576f169f6bf066dcbb\">\n                                                        <span class=\"elementskit-tab-title\">Diameter 5.0<\/span>\n                        <\/a>\n                    <\/li>\n                                <\/ul>\n\n            <div class=\"tab-content elementkit-tab-content\">\n                                    <div class=\"tab-pane elementkit-tab-pane elementor-repeater-item-de808e5  active show\" id=\"content-de808e569f6bf066dcbb\" role=\"tabpanel\"\n                         aria-labelledby=\"content-de808e569f6bf066dcbb-tab\">\n                        <div class=\"animated fadeIn\">\n                            <p><img fetchpriority=\"high\" decoding=\"async\" class=\"aligncenter wp-image-295 size-full\" src=\"https:\/\/dxlbenelux.com\/wp-content\/uploads\/2023\/09\/dxl_prem_3.3.jpg\" alt=\"\" width=\"990\" height=\"431\" srcset=\"https:\/\/dxlbenelux.com\/wp-content\/uploads\/2023\/09\/dxl_prem_3.3.jpg 990w, https:\/\/dxlbenelux.com\/wp-content\/uploads\/2023\/09\/dxl_prem_3.3-300x131.jpg 300w, https:\/\/dxlbenelux.com\/wp-content\/uploads\/2023\/09\/dxl_prem_3.3-768x334.jpg 768w, https:\/\/dxlbenelux.com\/wp-content\/uploads\/2023\/09\/dxl_prem_3.3-18x8.jpg 18w, https:\/\/dxlbenelux.com\/wp-content\/uploads\/2023\/09\/dxl_prem_3.3-600x261.jpg 600w\" sizes=\"(max-width: 990px) 100vw, 990px\" \/><\/p>                        <\/div>\n                    <\/div>\n                                    <div class=\"tab-pane elementkit-tab-pane elementor-repeater-item-4b9e99e\" id=\"content-4b9e99e69f6bf066dcbb\" role=\"tabpanel\"\n                         aria-labelledby=\"content-4b9e99e69f6bf066dcbb-tab\">\n                        <div class=\"animated fadeIn\">\n                            <p><img decoding=\"async\" class=\"aligncenter wp-image-299 size-full\" src=\"https:\/\/dxlbenelux.com\/wp-content\/uploads\/2023\/09\/dxl_prem_3_5.jpg\" alt=\"\" width=\"1020\" height=\"408\" srcset=\"https:\/\/dxlbenelux.com\/wp-content\/uploads\/2023\/09\/dxl_prem_3_5.jpg 1020w, https:\/\/dxlbenelux.com\/wp-content\/uploads\/2023\/09\/dxl_prem_3_5-300x120.jpg 300w, https:\/\/dxlbenelux.com\/wp-content\/uploads\/2023\/09\/dxl_prem_3_5-768x307.jpg 768w, https:\/\/dxlbenelux.com\/wp-content\/uploads\/2023\/09\/dxl_prem_3_5-18x7.jpg 18w, https:\/\/dxlbenelux.com\/wp-content\/uploads\/2023\/09\/dxl_prem_3_5-600x240.jpg 600w\" sizes=\"(max-width: 1020px) 100vw, 1020px\" \/><\/p>                        <\/div>\n                    <\/div>\n                                    <div class=\"tab-pane elementkit-tab-pane elementor-repeater-item-ddbb0b7\" id=\"content-ddbb0b769f6bf066dcbb\" role=\"tabpanel\"\n                         aria-labelledby=\"content-ddbb0b769f6bf066dcbb-tab\">\n                        <div class=\"animated fadeIn\">\n                            <p><img decoding=\"async\" class=\"aligncenter wp-image-303 size-full\" src=\"https:\/\/dxlbenelux.com\/wp-content\/uploads\/2023\/09\/dxl_prem_3.75.jpg\" alt=\"\" width=\"1053\" height=\"396\" srcset=\"https:\/\/dxlbenelux.com\/wp-content\/uploads\/2023\/09\/dxl_prem_3.75.jpg 1053w, https:\/\/dxlbenelux.com\/wp-content\/uploads\/2023\/09\/dxl_prem_3.75-300x113.jpg 300w, https:\/\/dxlbenelux.com\/wp-content\/uploads\/2023\/09\/dxl_prem_3.75-1024x385.jpg 1024w, https:\/\/dxlbenelux.com\/wp-content\/uploads\/2023\/09\/dxl_prem_3.75-768x289.jpg 768w, https:\/\/dxlbenelux.com\/wp-content\/uploads\/2023\/09\/dxl_prem_3.75-18x7.jpg 18w, https:\/\/dxlbenelux.com\/wp-content\/uploads\/2023\/09\/dxl_prem_3.75-600x226.jpg 600w\" sizes=\"(max-width: 1053px) 100vw, 1053px\" \/><\/p>                        <\/div>\n                    <\/div>\n                                    <div class=\"tab-pane elementkit-tab-pane elementor-repeater-item-f0b71d3\" id=\"content-f0b71d369f6bf066dcbb\" role=\"tabpanel\"\n                         aria-labelledby=\"content-f0b71d369f6bf066dcbb-tab\">\n                        <div class=\"animated fadeIn\">\n                            <p><img loading=\"lazy\" decoding=\"async\" class=\"aligncenter wp-image-343 size-full\" src=\"https:\/\/dxlbenelux.com\/wp-content\/uploads\/2023\/10\/dxl_prem_4.1.jpg\" alt=\"\" width=\"1053\" height=\"416\" srcset=\"https:\/\/dxlbenelux.com\/wp-content\/uploads\/2023\/10\/dxl_prem_4.1.jpg 1053w, https:\/\/dxlbenelux.com\/wp-content\/uploads\/2023\/10\/dxl_prem_4.1-300x119.jpg 300w, https:\/\/dxlbenelux.com\/wp-content\/uploads\/2023\/10\/dxl_prem_4.1-1024x405.jpg 1024w, https:\/\/dxlbenelux.com\/wp-content\/uploads\/2023\/10\/dxl_prem_4.1-768x303.jpg 768w, https:\/\/dxlbenelux.com\/wp-content\/uploads\/2023\/10\/dxl_prem_4.1-18x7.jpg 18w, https:\/\/dxlbenelux.com\/wp-content\/uploads\/2023\/10\/dxl_prem_4.1-600x237.jpg 600w\" sizes=\"(max-width: 1053px) 100vw, 1053px\" \/><\/p>                        <\/div>\n                    <\/div>\n                                    <div class=\"tab-pane elementkit-tab-pane elementor-repeater-item-efa82e0\" id=\"content-efa82e069f6bf066dcbb\" role=\"tabpanel\"\n                         aria-labelledby=\"content-efa82e069f6bf066dcbb-tab\">\n                        <div class=\"animated fadeIn\">\n                            <p><img loading=\"lazy\" decoding=\"async\" class=\"alignnone wp-image-347 size-full\" src=\"https:\/\/dxlbenelux.com\/wp-content\/uploads\/2023\/10\/dxl_prem_4.5.jpg\" alt=\"\" width=\"1038\" height=\"383\" srcset=\"https:\/\/dxlbenelux.com\/wp-content\/uploads\/2023\/10\/dxl_prem_4.5.jpg 1038w, https:\/\/dxlbenelux.com\/wp-content\/uploads\/2023\/10\/dxl_prem_4.5-300x111.jpg 300w, https:\/\/dxlbenelux.com\/wp-content\/uploads\/2023\/10\/dxl_prem_4.5-1024x378.jpg 1024w, https:\/\/dxlbenelux.com\/wp-content\/uploads\/2023\/10\/dxl_prem_4.5-768x283.jpg 768w, https:\/\/dxlbenelux.com\/wp-content\/uploads\/2023\/10\/dxl_prem_4.5-18x7.jpg 18w, https:\/\/dxlbenelux.com\/wp-content\/uploads\/2023\/10\/dxl_prem_4.5-600x221.jpg 600w\" sizes=\"(max-width: 1038px) 100vw, 1038px\" \/><\/p>                        <\/div>\n                    <\/div>\n                                    <div class=\"tab-pane elementkit-tab-pane elementor-repeater-item-96576f1\" id=\"content-96576f169f6bf066dcbb\" role=\"tabpanel\"\n                         aria-labelledby=\"content-96576f169f6bf066dcbb-tab\">\n                        <div class=\"animated fadeIn\">\n                            <p><img loading=\"lazy\" decoding=\"async\" class=\"alignnone wp-image-351 size-full\" src=\"https:\/\/dxlbenelux.com\/wp-content\/uploads\/2023\/10\/dxl_prem_5.0.jpg\" alt=\"\" width=\"1043\" height=\"401\" srcset=\"https:\/\/dxlbenelux.com\/wp-content\/uploads\/2023\/10\/dxl_prem_5.0.jpg 1043w, https:\/\/dxlbenelux.com\/wp-content\/uploads\/2023\/10\/dxl_prem_5.0-300x115.jpg 300w, https:\/\/dxlbenelux.com\/wp-content\/uploads\/2023\/10\/dxl_prem_5.0-1024x394.jpg 1024w, https:\/\/dxlbenelux.com\/wp-content\/uploads\/2023\/10\/dxl_prem_5.0-768x295.jpg 768w, https:\/\/dxlbenelux.com\/wp-content\/uploads\/2023\/10\/dxl_prem_5.0-18x7.jpg 18w, https:\/\/dxlbenelux.com\/wp-content\/uploads\/2023\/10\/dxl_prem_5.0-600x231.jpg 600w\" sizes=\"(max-width: 1043px) 100vw, 1043px\" \/><\/p>                        <\/div>\n                    <\/div>\n                                \n            <\/div>\n                    <\/div>\n    <\/div>\t\t\t\t<\/div>\n\t\t\t\t<\/div>\n\t\t\t\t\t<\/div>\n\t\t\t\t<\/div>\n\t\t<div class=\"elementor-element elementor-element-b9a6d0f e-flex e-con-boxed e-con e-parent\" data-id=\"b9a6d0f\" data-element_type=\"container\" data-e-type=\"container\">\n\t\t\t\t\t<div class=\"e-con-inner\">\n\t\t\t\t<div class=\"elementor-element elementor-element-5cb97e2 elementor-widget elementor-widget-text-editor\" data-id=\"5cb97e2\" data-element_type=\"widget\" data-e-type=\"widget\" data-widget_type=\"text-editor.default\">\n\t\t\t\t<div class=\"elementor-widget-container\">\n\t\t\t\t\t\t\t\t\t<p>Il est possible de commander des implants avec une vis de couverture Ajouter -C \u00e0 l'article concern\u00e9 et Ajouter avec couverture au nom de l'implant r\u00e9v\u00e9lateur dans votre commande.<\/p>\t\t\t\t\t\t\t\t<\/div>\n\t\t\t\t<\/div>\n\t\t<div class=\"elementor-element elementor-element-87af9c7 e-flex e-con-boxed e-con e-parent\" data-id=\"87af9c7\" data-element_type=\"container\" data-e-type=\"container\">\n\t\t\t\t\t<div class=\"e-con-inner\">\n\t\t<div class=\"elementor-element elementor-element-204f791 e-con-full e-flex e-con e-parent\" data-id=\"204f791\" data-element_type=\"container\" data-e-type=\"container\">\n\t\t\t\t<div class=\"elementor-element elementor-element-ebd2826 elementor-widget elementor-widget-text-editor\" data-id=\"ebd2826\" data-element_type=\"widget\" data-e-type=\"widget\" data-widget_type=\"text-editor.default\">\n\t\t\t\t<div class=\"elementor-widget-container\">\n\t\t\t\t\t\t\t\t\t<p><b>ATTENTION<\/b><\/p><div id=\"col-1555045905\" class=\"col medium-6 small-12 large-6\"><div class=\"col-inner box-shadow-1\"><p>Il est utilis\u00e9 pour la pose dans les parties ant\u00e9rieures et lat\u00e9rales des canines, incisives, pr\u00e9molaires.<\/p><\/div><\/div><div id=\"col-1282382997\" class=\"col medium-6 small-12 large-6\"><div class=\"col-inner box-shadow-1\"><p>\u00a0<\/p><\/div><\/div>\t\t\t\t\t\t\t\t<\/div>\n\t\t\t\t<\/div>\n\t\t\t\t<\/div>\n\t\t<div class=\"elementor-element elementor-element-1274bd1 e-con-full e-flex e-con e-parent\" data-id=\"1274bd1\" data-element_type=\"container\" data-e-type=\"container\">\n\t\t\t\t<div class=\"elementor-element elementor-element-dacdf71 elementor-widget__width-initial elementor-widget elementor-widget-image\" data-id=\"dacdf71\" data-element_type=\"widget\" data-e-type=\"widget\" data-widget_type=\"image.default\">\n\t\t\t\t<div class=\"elementor-widget-container\">\n\t\t\t\t\t\t\t\t\t\t\t\t\t\t\t<img loading=\"lazy\" decoding=\"async\" width=\"34\" height=\"71\" src=\"https:\/\/dxlbenelux.com\/wp-content\/uploads\/2023\/10\/dcl-pre-red.png\" class=\"attachment-large size-large wp-image-326\" alt=\"\" srcset=\"https:\/\/dxlbenelux.com\/wp-content\/uploads\/2023\/10\/dcl-pre-red.png 34w, https:\/\/dxlbenelux.com\/wp-content\/uploads\/2023\/10\/dcl-pre-red-6x12.png 6w\" sizes=\"(max-width: 34px) 100vw, 34px\" \/>\t\t\t\t\t\t\t\t\t\t\t\t\t\t\t<\/div>\n\t\t\t\t<\/div>\n\t\t\t\t<div class=\"elementor-element elementor-element-f4b13b2 elementor-widget__width-initial elementor-widget elementor-widget-text-editor\" data-id=\"f4b13b2\" data-element_type=\"widget\" data-e-type=\"widget\" data-widget_type=\"text-editor.default\">\n\t\t\t\t<div class=\"elementor-widget-container\">\n\t\t\t\t\t\t\t\t\t<p><b>DXLCOVER SCREWSTERILE \u00d83,1xH0mm \/ DXL-3000001-S<\/b><\/p><p>Seule la s\u00e9rie d'implants hybrides DXL Premium avec couvercle comprend une vis de couvercle.<\/p>\t\t\t\t\t\t\t\t<\/div>\n\t\t\t\t<\/div>\n\t\t\t\t<\/div>\n\t\t\t\t\t<\/div>\n\t\t\t\t<\/div>\n\t\t\t\t\t<\/div>\n\t\t\t\t<\/div>\n\t\t<div class=\"elementor-element elementor-element-92bb617 e-flex e-con-boxed e-con e-parent\" data-id=\"92bb617\" data-element_type=\"container\" data-e-type=\"container\">\n\t\t\t\t\t<div class=\"e-con-inner\">\n\t\t<div class=\"elementor-element elementor-element-6bedc70 e-con-full e-flex e-con e-parent\" data-id=\"6bedc70\" data-element_type=\"container\" data-e-type=\"container\">\n\t\t\t\t<div class=\"elementor-element elementor-element-1a0a736 elementor-widget elementor-widget-text-editor\" data-id=\"1a0a736\" data-element_type=\"widget\" data-e-type=\"widget\" data-widget_type=\"text-editor.default\">\n\t\t\t\t<div class=\"elementor-widget-container\">\n\t\t\t\t\t\t\t\t\t<p><b><span class=\"selectable-text copyable-text\">CORPS DE L'IMPLANT<\/span><\/b><\/p><p>Le corps de l'implant cylindro-conique\/taraud\u00e9 \u00e9mule la forme du foret pour un ajustement plus pr\u00e9cis de l'embo\u00eeture osseuse.<\/p><p><b><span class=\"selectable-text copyable-text\">COLLIER CRESTAL<\/span><\/b><\/p><p>La conception sp\u00e9ciale de la plate-forme \"slope:d-shoulder\" emp\u00eache la r\u00e9sorption gingivale dans la zone crestale vuln\u00e9rable. Elle assure \u00e9galement une plus grande stabilit\u00e9 biom\u00e9canique lors de la mise en place au niveau de l'os.<\/p>\t\t\t\t\t\t\t\t<\/div>\n\t\t\t\t<\/div>\n\t\t\t\t<\/div>\n\t\t\t\t<div class=\"elementor-element elementor-element-7fa0553 elementor-widget elementor-widget-image\" data-id=\"7fa0553\" data-element_type=\"widget\" data-e-type=\"widget\" data-widget_type=\"image.default\">\n\t\t\t\t<div class=\"elementor-widget-container\">\n\t\t\t\t\t\t\t\t\t\t\t\t\t\t\t<img loading=\"lazy\" decoding=\"async\" width=\"800\" height=\"800\" src=\"https:\/\/dxlbenelux.com\/wp-content\/uploads\/2023\/09\/DXL-PH-5014-1024x1024.png\" class=\"attachment-large size-large wp-image-39\" alt=\"\" srcset=\"https:\/\/dxlbenelux.com\/wp-content\/uploads\/2023\/09\/DXL-PH-5014-1024x1024.png 1024w, https:\/\/dxlbenelux.com\/wp-content\/uploads\/2023\/09\/DXL-PH-5014-300x300.png 300w, https:\/\/dxlbenelux.com\/wp-content\/uploads\/2023\/09\/DXL-PH-5014-100x100.png 100w, https:\/\/dxlbenelux.com\/wp-content\/uploads\/2023\/09\/DXL-PH-5014-600x600.png 600w, https:\/\/dxlbenelux.com\/wp-content\/uploads\/2023\/09\/DXL-PH-5014-150x150.png 150w, https:\/\/dxlbenelux.com\/wp-content\/uploads\/2023\/09\/DXL-PH-5014-768x768.png 768w, https:\/\/dxlbenelux.com\/wp-content\/uploads\/2023\/09\/DXL-PH-5014-1536x1536.png 1536w, https:\/\/dxlbenelux.com\/wp-content\/uploads\/2023\/09\/DXL-PH-5014-2048x2048.png 2048w, https:\/\/dxlbenelux.com\/wp-content\/uploads\/2023\/09\/DXL-PH-5014-12x12.png 12w, https:\/\/dxlbenelux.com\/wp-content\/uploads\/2023\/09\/DXL-PH-5014-700x700.png 700w\" sizes=\"(max-width: 800px) 100vw, 800px\" \/>\t\t\t\t\t\t\t\t\t\t\t\t\t\t\t<\/div>\n\t\t\t\t<\/div>\n\t\t\t\t\t<\/div>\n\t\t\t\t<\/div>\n\t\t<div class=\"elementor-element elementor-element-6f88689 e-flex e-con-boxed e-con e-parent\" data-id=\"6f88689\" data-element_type=\"container\" data-e-type=\"container\">\n\t\t\t\t\t<div class=\"e-con-inner\">\n\t\t\t\t<div class=\"elementor-element elementor-element-9d11cfb elementor-widget__width-initial elementor-widget elementor-widget-text-editor\" data-id=\"9d11cfb\" data-element_type=\"widget\" data-e-type=\"widget\" data-widget_type=\"text-editor.default\">\n\t\t\t\t<div class=\"elementor-widget-container\">\n\t\t\t\t\t\t\t\t\t<p><b><span class=\"selectable-text copyable-text\">CONNEXION CONIQUE<\/span><\/b><\/p><hr \/><div>L'hexagone morse, ou hexagone conique, est une connexion implant-pilier \"normalis\u00e9e\", qui permet l'indexation et maintient positivement la stabilit\u00e9 des fixations dentaires permanentes.<\/div><div>\u00a0<\/div><div>La partie conique est absolument exempte de bact\u00e9ries et, en conjonction avec les micro-fils crestaux, donne d'excellents r\u00e9sultats en mati\u00e8re de r\u00e9duction de la compression dans cette r\u00e9gion toujours tr\u00e8s vuln\u00e9rable.<\/div><p><b><span class=\"selectable-text copyable-text\">CARACT\u00c9RISTIQUES DU FILET<\/span><\/b><\/p><hr \/><p>Le fil trap\u00e9zo\u00efdal en forme de spirale a \u00e9t\u00e9 d\u00e9velopp\u00e9 pour une meilleure stabilit\u00e9 primaire. Il est donc recommand\u00e9 de l'utiliser pour toutes les densit\u00e9s osseuses.<\/p><p><b>SURFACE<\/b><\/p><hr \/><p>Les implants DXL ont une rugosit\u00e9 de surface sp\u00e9cifique (Ra : 2,3 - 3,0 \u00b5m) qui favorise une ost\u00e9oint\u00e9gration pr\u00e9visible dans l'os de la m\u00e2choire sans complications. La surface SLA (Sand-Blasted \/ Large Grid \/ Acid-Etched) des implants DXL est la derni\u00e8re g\u00e9n\u00e9ration de surfaces d'implants dentaires standardis\u00e9es. L'augmentation de la surface permet un arrimage parfait du coagulum, qui est responsable de l'apposition de la paroi osseuse \u00e0 l'implant. Gr\u00e2ce \u00e0 cet avantage, l'implant conserve une stabilit\u00e9 primaire plus \u00e9lev\u00e9e et l'ost\u00e9oint\u00e9gration est plus rapide.<\/p>\t\t\t\t\t\t\t\t<\/div>\n\t\t\t\t<\/div>\n\t\t\t\t<div class=\"elementor-element elementor-element-9e67a6a elementor-widget elementor-widget-text-editor\" data-id=\"9e67a6a\" data-element_type=\"widget\" data-e-type=\"widget\" data-widget_type=\"text-editor.default\">\n\t\t\t\t<div class=\"elementor-widget-container\">\n\t\t\t\t\t\t\t\t\t<p><b>PARTIE APICALE<\/b><\/p><hr \/><div>Gr\u00e2ce \u00e0 la conception\/forme pr\u00e9cise de l'implant apical convexe ou en \"nez de balle\" non invasif, il peut \u00e9viter d'endommager\/traumatiser les structures osseuses anatomiques ou le tissu sensible de la membrane sinusale, comme lors des proc\u00e9dures de soul\u00e8vement des sinus - r\u00e9duisant ainsi la dur\u00e9e du protocole chirurgical.<\/div><div>\u00a0<\/div><div>Afin de d\u00e9velopper en permanence nos mod\u00e8les\/types d'implants dentaires, nous nous engageons dans un \u00e9change de communication avec des implantologues dans des cabinets priv\u00e9s\/cliniques ainsi qu'au niveau universitaire et nous observons le transfert de technologie de tr\u00e8s pr\u00e8s et de mani\u00e8re critique.<\/div><div>\u00a0<\/div><div>Nos ing\u00e9nieurs, techniciens et contacts de la cha\u00eene d'approvisionnement transforment les exigences de l'\"\u00e9talon-or\", ainsi que les tendances actuelles en mati\u00e8re de conception et de topographie de surface, en solutions viables pour les implants dentaires.<\/div><div>\u00a0<\/div><div>\"Gr\u00e2ce \u00e0 des technologies innovantes, des processus d'optimisation, une qualit\u00e9 contr\u00f4l\u00e9e et un haut niveau d'innovation, DXL\u00ae Medical GmbH r\u00e9ussit \u00e0 combiner la technologie, le design et le produit dans une harmonie d'implant dentaire, sp\u00e9cialement pour l'utilisateur\".<\/div><div>\u00a0<\/div><div>C'est sur cette base que sont cr\u00e9\u00e9es des solutions innovantes, que nous mettons volontiers en \u0153uvre en fonction de vos besoins pour cr\u00e9er des implants dentaires\/composants secondaires uniques et durables.<\/div><div>\u00a0<\/div><div>Avec les types d'implants dentaires de DXL\u00ae Medical, vous pouvez offrir \u00e0 vos patients une th\u00e9rapie d'implants dentaires cibl\u00e9e, pr\u00e9visible, responsable et durable.<\/div><div>\u00a0<\/div><div>Les types d'implants \"Premium Hybrid\" et \"Smart\" de DXL\u00ae Medical sont tous deux dot\u00e9s de nombreuses fonctionnalit\u00e9s, polyvalents et r\u00e9pondent aux exigences les plus \u00e9lev\u00e9es, voire les d\u00e9passent.<\/div><div>\u00a0<\/div><div>Vous cherchez une solution \"g\u00e9niale et abordable\" dans le segment des implants dentaires, et donc une solution pour \u00e9viter les produits qui ne font qu'encourager la migration des patients ?<\/div><div>\u00a0<\/div><div>Dans ce cas, vous \u00eates entre de bonnes mains avec les solutions du syst\u00e8me d'implants dentaires DXL\u00ae Medical.<\/div>\t\t\t\t\t\t\t\t<\/div>\n\t\t\t\t<\/div>\n\t\t\t\t\t<\/div>\n\t\t\t\t<\/div>\n\t\t\t\t<\/div>","protected":false},"excerpt":{"rendered":"<p>Diameter 3.3 Diameter 3.5 Diameter 3.75 Diameter 4.1 Diameter 4.5 Diameter 5.0 It is possible to order implants with cover screw Add -C to the relevant article and Add with cover to the revelant implant name in your order. ATTENTION It is used for installation in front and lateral parts canines, incisors, premolars. \u00a0 DXLCOVER [&hellip;]<\/p>\n","protected":false},"author":1,"featured_media":0,"parent":0,"menu_order":0,"comment_status":"closed","ping_status":"closed","template":"","meta":{"footnotes":""},"class_list":["post-287","page","type-page","status-publish","hentry"],"_links":{"self":[{"href":"https:\/\/dxlbenelux.com\/fr\/wp-json\/wp\/v2\/pages\/287","targetHints":{"allow":["GET"]}}],"collection":[{"href":"https:\/\/dxlbenelux.com\/fr\/wp-json\/wp\/v2\/pages"}],"about":[{"href":"https:\/\/dxlbenelux.com\/fr\/wp-json\/wp\/v2\/types\/page"}],"author":[{"embeddable":true,"href":"https:\/\/dxlbenelux.com\/fr\/wp-json\/wp\/v2\/users\/1"}],"replies":[{"embeddable":true,"href":"https:\/\/dxlbenelux.com\/fr\/wp-json\/wp\/v2\/comments?post=287"}],"version-history":[{"count":28,"href":"https:\/\/dxlbenelux.com\/fr\/wp-json\/wp\/v2\/pages\/287\/revisions"}],"predecessor-version":[{"id":354,"href":"https:\/\/dxlbenelux.com\/fr\/wp-json\/wp\/v2\/pages\/287\/revisions\/354"}],"wp:attachment":[{"href":"https:\/\/dxlbenelux.com\/fr\/wp-json\/wp\/v2\/media?parent=287"}],"curies":[{"name":"wp","href":"https:\/\/api.w.org\/{rel}","templated":true}]}}