{"id":195,"date":"2023-09-26T09:13:30","date_gmt":"2023-09-26T09:13:30","guid":{"rendered":"https:\/\/dxlbenelux.com\/?page_id=195"},"modified":"2024-07-12T14:48:27","modified_gmt":"2024-07-12T14:48:27","slug":"about-us","status":"publish","type":"page","link":"https:\/\/dxlbenelux.com\/fr\/about-us\/","title":{"rendered":"A PROPOS DE DLX"},"content":{"rendered":"<div data-elementor-type=\"wp-page\" data-elementor-id=\"195\" class=\"elementor elementor-195\" data-elementor-post-type=\"page\">\n\t\t\t\t<div class=\"elementor-element elementor-element-4fb21531 e-con-full e-flex e-con e-parent\" data-id=\"4fb21531\" data-element_type=\"container\" data-e-type=\"container\">\n\t\t<div class=\"elementor-element elementor-element-10b152c3 e-con-full e-flex e-con e-parent\" data-id=\"10b152c3\" data-element_type=\"container\" data-e-type=\"container\">\n\t\t\t\t<div class=\"elementor-element elementor-element-3b434af1 elementor-widget elementor-widget-heading\" data-id=\"3b434af1\" data-element_type=\"widget\" data-e-type=\"widget\" data-widget_type=\"heading.default\">\n\t\t\t\t<div class=\"elementor-widget-container\">\n\t\t\t\t\t<h1 class=\"elementor-heading-title elementor-size-default\">\u00c0 propos de nous<\/h1>\t\t\t\t<\/div>\n\t\t\t\t<\/div>\n\t\t\t\t<div class=\"elementor-element elementor-element-76f80f47 elementor-widget elementor-widget-text-editor\" data-id=\"76f80f47\" data-element_type=\"widget\" data-e-type=\"widget\" data-widget_type=\"text-editor.default\">\n\t\t\t\t<div class=\"elementor-widget-container\">\n\t\t\t\t\t\t\t\t\t<p>DXL Medical continue \u00e0 fournir des solutions chirurgicales sur les march\u00e9s nationaux et internationaux de l'implantologie gr\u00e2ce \u00e0 ses produits et services innovants et \u00e9conomiques qui enrichissent la vie et l'int\u00e9gration des syst\u00e8mes num\u00e9riques.<\/p>\t\t\t\t\t\t\t\t<\/div>\n\t\t\t\t<\/div>\n\t\t\t\t<div class=\"elementor-element elementor-element-12d447a elementor-widget elementor-widget-text-editor\" data-id=\"12d447a\" data-element_type=\"widget\" data-e-type=\"widget\" data-widget_type=\"text-editor.default\">\n\t\t\t\t<div class=\"elementor-widget-container\">\n\t\t\t\t\t\t\t\t\t<div>DXL Medical utilise toutes les possibilit\u00e9s offertes par la technologie moderne et d\u00e9termine les tendances de l'implantologie dentaire future en investissant de mani\u00e8re cibl\u00e9e dans le d\u00e9veloppement de ses produits.<\/div>\t\t\t\t\t\t\t\t<\/div>\n\t\t\t\t<\/div>\n\t\t\t\t<div class=\"elementor-element elementor-element-69d3d1b elementor-widget elementor-widget-text-editor\" data-id=\"69d3d1b\" data-element_type=\"widget\" data-e-type=\"widget\" data-widget_type=\"text-editor.default\">\n\t\t\t\t<div class=\"elementor-widget-container\">\n\t\t\t\t\t\t\t\t\t<div>\"Dans notre vision, c'est la meilleure fa\u00e7on ;<\/div><div>Pr\u00e9voir l'avenir, c'est le concevoir\".<\/div>\t\t\t\t\t\t\t\t<\/div>\n\t\t\t\t<\/div>\n\t\t\t\t<div class=\"elementor-element elementor-element-7dd86ad elementor-widget elementor-widget-text-editor\" data-id=\"7dd86ad\" data-element_type=\"widget\" data-e-type=\"widget\" data-widget_type=\"text-editor.default\">\n\t\t\t\t<div class=\"elementor-widget-container\">\n\t\t\t\t\t\t\t\t\t<p>DXL Medical s'efforce de maintenir un niveau de confort optimal pour les praticiens et les patients, en fournissant des services sur et apr\u00e8s vente, qui analysent le flux de travail et les r\u00e9sultats et simplifient le syst\u00e8me.<\/p>\t\t\t\t\t\t\t\t<\/div>\n\t\t\t\t<\/div>\n\t\t\t\t<div class=\"elementor-element elementor-element-275439b elementor-widget elementor-widget-text-editor\" data-id=\"275439b\" data-element_type=\"widget\" data-e-type=\"widget\" data-widget_type=\"text-editor.default\">\n\t\t\t\t<div class=\"elementor-widget-container\">\n\t\t\t\t\t\t\t\t\t<p>Les syst\u00e8mes d'implants dentaires \u00e9prouv\u00e9s de DXL Medical sont des r\u00e9f\u00e9rences en mati\u00e8re de qualit\u00e9 des produits, de rapport qualit\u00e9-prix et de technologie appliqu\u00e9e.<\/p>\t\t\t\t\t\t\t\t<\/div>\n\t\t\t\t<\/div>\n\t\t\t\t<div class=\"elementor-element elementor-element-c8bdfee elementor-widget elementor-widget-text-editor\" data-id=\"c8bdfee\" data-element_type=\"widget\" data-e-type=\"widget\" data-widget_type=\"text-editor.default\">\n\t\t\t\t<div class=\"elementor-widget-container\">\n\t\t\t\t\t\t\t\t\t<p>\"Nous ne sommes pas l\u00e0 pour cr\u00e9er des limites, nous sommes l\u00e0 pour les briser !<\/p>\t\t\t\t\t\t\t\t<\/div>\n\t\t\t\t<\/div>\n\t\t\t\t<\/div>\n\t\t<div class=\"elementor-element elementor-element-5fbd055e e-con-full e-flex e-con e-parent\" data-id=\"5fbd055e\" data-element_type=\"container\" data-e-type=\"container\" data-settings=\"{&quot;background_background&quot;:&quot;classic&quot;}\">\n\t\t\t\t<div class=\"elementor-element elementor-element-167e670d elementor-widget elementor-widget-image\" data-id=\"167e670d\" data-element_type=\"widget\" data-e-type=\"widget\" data-widget_type=\"image.default\">\n\t\t\t\t<div class=\"elementor-widget-container\">\n\t\t\t\t\t\t\t\t\t\t\t\t\t\t\t<img fetchpriority=\"high\" decoding=\"async\" width=\"800\" height=\"800\" src=\"https:\/\/dxlbenelux.com\/wp-content\/uploads\/2023\/09\/DXL-PH-5014-1024x1024.png\" class=\"attachment-large size-large wp-image-39\" alt=\"\" srcset=\"https:\/\/dxlbenelux.com\/wp-content\/uploads\/2023\/09\/DXL-PH-5014-1024x1024.png 1024w, https:\/\/dxlbenelux.com\/wp-content\/uploads\/2023\/09\/DXL-PH-5014-300x300.png 300w, https:\/\/dxlbenelux.com\/wp-content\/uploads\/2023\/09\/DXL-PH-5014-100x100.png 100w, https:\/\/dxlbenelux.com\/wp-content\/uploads\/2023\/09\/DXL-PH-5014-600x600.png 600w, https:\/\/dxlbenelux.com\/wp-content\/uploads\/2023\/09\/DXL-PH-5014-150x150.png 150w, https:\/\/dxlbenelux.com\/wp-content\/uploads\/2023\/09\/DXL-PH-5014-768x768.png 768w, https:\/\/dxlbenelux.com\/wp-content\/uploads\/2023\/09\/DXL-PH-5014-1536x1536.png 1536w, https:\/\/dxlbenelux.com\/wp-content\/uploads\/2023\/09\/DXL-PH-5014-2048x2048.png 2048w, https:\/\/dxlbenelux.com\/wp-content\/uploads\/2023\/09\/DXL-PH-5014-12x12.png 12w, https:\/\/dxlbenelux.com\/wp-content\/uploads\/2023\/09\/DXL-PH-5014-700x700.png 700w\" sizes=\"(max-width: 800px) 100vw, 800px\" \/>\t\t\t\t\t\t\t\t\t\t\t\t\t\t\t<\/div>\n\t\t\t\t<\/div>\n\t\t\t\t<\/div>\n\t\t\t\t<\/div>\n\t\t\t\t<\/div>","protected":false},"excerpt":{"rendered":"<p>About Us\u200b DXL Medical continues to provide surgical solutions in both national and international implantology markets with its innovational and economic products and services that enrich life and digital systems integration DXL Medical utilizes all opportunities provided by modern technology and determines the trends of future dental implantology with focused investments in its product development.\u201cIn [&hellip;]<\/p>\n","protected":false},"author":1,"featured_media":0,"parent":0,"menu_order":0,"comment_status":"closed","ping_status":"closed","template":"elementor_header_footer","meta":{"footnotes":""},"class_list":["post-195","page","type-page","status-publish","hentry"],"_links":{"self":[{"href":"https:\/\/dxlbenelux.com\/fr\/wp-json\/wp\/v2\/pages\/195","targetHints":{"allow":["GET"]}}],"collection":[{"href":"https:\/\/dxlbenelux.com\/fr\/wp-json\/wp\/v2\/pages"}],"about":[{"href":"https:\/\/dxlbenelux.com\/fr\/wp-json\/wp\/v2\/types\/page"}],"author":[{"embeddable":true,"href":"https:\/\/dxlbenelux.com\/fr\/wp-json\/wp\/v2\/users\/1"}],"replies":[{"embeddable":true,"href":"https:\/\/dxlbenelux.com\/fr\/wp-json\/wp\/v2\/comments?post=195"}],"version-history":[{"count":10,"href":"https:\/\/dxlbenelux.com\/fr\/wp-json\/wp\/v2\/pages\/195\/revisions"}],"predecessor-version":[{"id":210,"href":"https:\/\/dxlbenelux.com\/fr\/wp-json\/wp\/v2\/pages\/195\/revisions\/210"}],"wp:attachment":[{"href":"https:\/\/dxlbenelux.com\/fr\/wp-json\/wp\/v2\/media?parent=195"}],"curies":[{"name":"wp","href":"https:\/\/api.w.org\/{rel}","templated":true}]}}